{"id":88,"date":"2020-07-05T15:04:49","date_gmt":"2020-07-05T15:04:49","guid":{"rendered":"http:\/\/sozioprudenz.de\/?page_id=88"},"modified":"2020-09-08T18:15:10","modified_gmt":"2020-09-08T18:15:10","slug":"aufsaetze-und-wissenschaftliche-arbeiten-exklusiv","status":"publish","type":"page","link":"https:\/\/sozioprudenz.de\/?page_id=88","title":{"rendered":"Aufs\u00e4tze und wissenschaftliche Arbeiten \u2013 exklusiv"},"content":{"rendered":"\t\t<div data-elementor-type=\"wp-page\" data-elementor-id=\"88\" class=\"elementor elementor-88\">\n\t\t\t\t\t\t<section class=\"elementor-section elementor-top-section elementor-element elementor-element-370a065 elementor-section-boxed elementor-section-height-default elementor-section-height-default\" data-id=\"370a065\" data-element_type=\"section\" data-e-type=\"section\">\n\t\t\t\t\t\t<div class=\"elementor-container elementor-column-gap-default\">\n\t\t\t\t\t<div class=\"elementor-column elementor-col-100 elementor-top-column elementor-element elementor-element-07c8a93\" data-id=\"07c8a93\" data-element_type=\"column\" data-e-type=\"column\">\n\t\t\t<div class=\"elementor-widget-wrap elementor-element-populated\">\n\t\t\t\t\t\t<div class=\"elementor-element elementor-element-8388e8a elementor-widget elementor-widget-heading\" data-id=\"8388e8a\" data-element_type=\"widget\" data-e-type=\"widget\" data-widget_type=\"heading.default\">\n\t\t\t\t<div class=\"elementor-widget-container\">\n\t\t\t\t\t<h2 class=\"elementor-heading-title elementor-size-default\"><b><span style=\"color:red;line-height:150%;font-family:Arial,sans-serif;font-size:14pt\"><font color=\"#000000\">Wissenschaftliche Arbeiten und Aufs\u00e4tze zur Sozioprudenz<\/font><\/span><\/b><\/h2>\t\t\t\t<\/div>\n\t\t\t\t<\/div>\n\t\t\t\t\t<\/div>\n\t\t<\/div>\n\t\t\t\t\t<\/div>\n\t\t<\/section>\n\t\t\t\t<section class=\"elementor-section elementor-top-section elementor-element elementor-element-a4efc82 elementor-section-boxed elementor-section-height-default elementor-section-height-default\" data-id=\"a4efc82\" data-element_type=\"section\" data-e-type=\"section\">\n\t\t\t\t\t\t<div class=\"elementor-container elementor-column-gap-default\">\n\t\t\t\t\t<div class=\"elementor-column elementor-col-100 elementor-top-column elementor-element elementor-element-682434b\" data-id=\"682434b\" data-element_type=\"column\" data-e-type=\"column\">\n\t\t\t<div class=\"elementor-widget-wrap elementor-element-populated\">\n\t\t\t\t\t\t<div class=\"elementor-element elementor-element-4e8c3c2 elementor-widget elementor-widget-spacer\" data-id=\"4e8c3c2\" data-element_type=\"widget\" data-e-type=\"widget\" data-widget_type=\"spacer.default\">\n\t\t\t\t<div class=\"elementor-widget-container\">\n\t\t\t\t\t\t\t<div class=\"elementor-spacer\">\n\t\t\t<div class=\"elementor-spacer-inner\"><\/div>\n\t\t<\/div>\n\t\t\t\t\t\t<\/div>\n\t\t\t\t<\/div>\n\t\t\t\t<div class=\"elementor-element elementor-element-99ea576 elementor-widget elementor-widget-text-editor\" data-id=\"99ea576\" data-element_type=\"widget\" data-e-type=\"widget\" data-widget_type=\"text-editor.default\">\n\t\t\t\t<div class=\"elementor-widget-container\">\n\t\t\t\t\t\t\t\t\t<div><span style=\"color: #000000;\">Zahlreiche weitere, nicht \u00f6ffentlich zug\u00e4ngliche Aufs\u00e4tze von Dr. Andreas Schwarz zur Sozioprudenz k\u00f6nnen Mitglieder und Klienten direkt vom Autor zum privaten Gebrauch erwerben. Dies gilt auch f\u00fcr das Lehrbuch der Sozioprudenz und eine als Habilitationsschrift gedachte Arbeit, die wichtige Sozioprudenz-Forschungen seit 2001 enth\u00e4lt, aber an den deutschen Sozialwissenschaftsfachbereichen nicht unterzubringen war. Zu gro\u00df ist dort bis dato immer noch die Unkenntnis des Themas. &#8230;<\/span><\/div><div><span style=\"color: #000000;\">\u00a0<\/span><\/div><div><span style=\"color: #000000;\"><span style=\"color: #9900ff;\">Exklusiv f\u00fcr Mitglieder und Klienten<\/span><br \/><\/span><\/div><div><span style=\"color: #000000;\">\u00a0<\/span><\/div><div><span style=\"color: #000000;\">\u00a0<\/span><\/div><div><span style=\"color: #000000;\">\u00a0<\/span><\/div><div><span style=\"color: #000000;\">Einige Hintergrundinformationen des Sozioprudenz-Erfinders und Markeninhabers Dr. Andreas Schwarz f\u00fcr den am wirklichen Original interessierten Leser:<\/span><\/div><div>\u00a0<\/div><div><span style=\"color: #000000;\">\u201eDie \u201aSozioprudenz\u2018 habe ich u. a. im Rahmen einer langen \u2013 eigentlich als Habilitationsschrift gedachten \u2013 Arbeit seit Beginn des neuen Jahrtausends als Ausdruck f\u00fcr eine soziale Klugheitslehre entwickelt. Leider war die Arbeit aufgrund gro\u00dfer Unkenntnis zu diesem Thema und einer sehr vers\u00e4ulten deutschen Fachkultur (mit h\u00f6chst einge\u00fcbten disziplin\u00e4ren Abgrenzungen, Gruppendenken und sich gegenseitig best\u00e4tigenden Zitierkartellen) nicht unterzubringen und wurde \u00fcberhaupt nicht verstanden. Erst nach dieser ern\u00fcchternden Erfahrung entschloss ich mich, die Sache als Marke sch\u00fctzen zu lassen und sie damit quasi zu &#8218;monopolisieren&#8216;. So habe ich schlie\u00dflich nach reiflicher \u00dcberlegung 2011 die \u201aSozioprudenz\u2018 als Marke beim Deutschen Patentamt angemeldet. Was aber Clemens Albrecht nicht daran hinderte, das Konzept ohne R\u00fccksicht auf meine vorherige Markenanmeldung ab 2014 an der Universit\u00e4t Koblenz als soziologisches Wahlfach einzurichten. Meine schon bestehenden Markenrechte wurden von der Uni Koblenz dabei einfach ignoriert und \u00fcbergangen. Leider hat das Konzept bei der Kaperung eine \u00e4rgerliche Reduktion erfahren, die so urspr\u00fcnglich gar nicht gedacht war.<\/span><\/div><div>\u00a0<\/div><div><span style=\"color: #000000;\">Meine Vorstellung ging eher in die Richtung umfassender Klugheitsbildung. So wie das jetzt, obwohl ich nat\u00fcrlich vielfach Einw\u00e4nde erhob und auch meine Mitarbeit anbot (w\u00e4hrend man jedoch von Seiten der Uni Koblenz lieber juristisch meine Markenrechte aufheben lassen wollte), realisiert wurde, bin ich damit \u2013 wie offensichtlich viele andere auch \u2013 sehr unzufrieden. &#8230; <\/span><\/div><div><span style=\"color: #000000;\">\u00a0<\/span><\/div><div><span style=\"color: #000000;\">Nun mache ich au\u00dferdem die merkw\u00fcrdige Erfahrung, da\u00df man jetzt \u2013 nachdem man erst nichts davon wissen wollte und die Sozioprudenz f\u00fcr ganz \u00fcberfl\u00fcssig hielt \u2013 sie als grandiose Innovation (die man schon immer h\u00f6chst begr\u00fc\u00dft habe) allenthalben kopieren m\u00f6chte und sie gerne als eigene Idee ausgibt; ohne mich auch nur zu erw\u00e4hnen. Erst unverst\u00e4ndige Ablehnung und Desinteresse,\u00a0nun unberechtigte Nachahmung und \u00dcbergehen meiner Person. Das ist wirklich \u00fcbel und eigentlich ein handfester Skandal in unserem Universit\u00e4ts- und Wissenschaftssystem.<br \/>\u00a0 <br \/><\/span><\/div><p><span style=\"color: #000000;\">Wir sehen, die Geschichte der Sozioprudenz steht noch am Anfang, geh\u00f6rt in vielem korrigiert und ist selbst ein eindr\u00fcckliches Beispiel f\u00fcr die Wirkungsweise sozialer Exklusionsmechanismen, das ungenierte Ausnutzen von amtlichen Positionen zur Durchsetzung von Deutungen und der d\u00fcnkelhaften Ausgrenzung all jener, die m\u00f6glicherweise nicht den konventionellen Qualifikationsweg des buckelnden Koffertr\u00e4gers vorweisen k\u00f6nnen.\u201c <\/span><\/p><div><span style=\"color: #000000;\">\u00a0<\/span><\/div><div><span style=\"color: #000000;\">Dr. Andreas Schwarz<\/span><\/div><div><span style=\"color: #000000;\">\u00a0<\/span><\/div><div><span style=\"color: #000000;\">\u00a0<\/span><\/div><div><span style=\"color: #000000;\">\u00a0<\/span><\/div><div><span style=\"color: #000000;\">\u00a0<\/span><\/div><div><span style=\"color: #000000;\"><span style=\"color: #9900ff;\">Dr. Andreas Schwarz \u2013 der Erfinder und Markeninhaber der Sozioprudenz \u2013 ist Verwaltungswissenschaftler, Aufsichtsrat, Management Coach und Rhetorikforscher \u2013 er hat u. a. auch universit\u00e4re Examina in Theologie, Philosophie, P\u00e4dagogik, Soziologie, PoWi und Literaturwissenschaften.<\/span><\/span><\/div>\t\t\t\t\t\t\t\t<\/div>\n\t\t\t\t<\/div>\n\t\t\t\t\t<\/div>\n\t\t<\/div>\n\t\t\t\t\t<\/div>\n\t\t<\/section>\n\t\t\t\t<\/div>\n\t\t","protected":false},"excerpt":{"rendered":"<p>Wissenschaftliche Arbeiten und Aufs\u00e4tze zur Sozioprudenz Zahlreiche weitere, nicht \u00f6ffentlich zug\u00e4ngliche Aufs\u00e4tze von Dr. Andreas Schwarz zur Sozioprudenz k\u00f6nnen Mitglieder und Klienten direkt vom Autor zum privaten Gebrauch erwerben. Dies gilt auch f\u00fcr das Lehrbuch der Sozioprudenz und eine als Habilitationsschrift gedachte Arbeit, die wichtige Sozioprudenz-Forschungen seit 2001 enth\u00e4lt, aber an den deutschen Sozialwissenschaftsfachbereichen nicht [&hellip;]<\/p>\n","protected":false},"author":1,"featured_media":0,"parent":0,"menu_order":0,"comment_status":"closed","ping_status":"closed","template":"","meta":{"ocean_post_layout":"left-sidebar","ocean_both_sidebars_style":"","ocean_both_sidebars_content_width":0,"ocean_both_sidebars_sidebars_width":0,"ocean_sidebar":"sidebar-2","ocean_second_sidebar":"0","ocean_disable_margins":"enable","ocean_add_body_class":"","ocean_shortcode_before_top_bar":"","ocean_shortcode_after_top_bar":"","ocean_shortcode_before_header":"","ocean_shortcode_after_header":"","ocean_has_shortcode":"","ocean_shortcode_after_title":"","ocean_shortcode_before_footer_widgets":"","ocean_shortcode_after_footer_widgets":"","ocean_shortcode_before_footer_bottom":"","ocean_shortcode_after_footer_bottom":"","ocean_display_top_bar":"default","ocean_display_header":"default","ocean_header_style":"","ocean_center_header_left_menu":"0","ocean_custom_header_template":"0","ocean_custom_logo":0,"ocean_custom_retina_logo":0,"ocean_custom_logo_max_width":0,"ocean_custom_logo_tablet_max_width":0,"ocean_custom_logo_mobile_max_width":0,"ocean_custom_logo_max_height":0,"ocean_custom_logo_tablet_max_height":0,"ocean_custom_logo_mobile_max_height":0,"ocean_header_custom_menu":"7","ocean_menu_typo_font_family":"0","ocean_menu_typo_font_subset":"","ocean_menu_typo_font_size":0,"ocean_menu_typo_font_size_tablet":0,"ocean_menu_typo_font_size_mobile":0,"ocean_menu_typo_font_size_unit":"px","ocean_menu_typo_font_weight":"","ocean_menu_typo_font_weight_tablet":"","ocean_menu_typo_font_weight_mobile":"","ocean_menu_typo_transform":"","ocean_menu_typo_transform_tablet":"","ocean_menu_typo_transform_mobile":"","ocean_menu_typo_line_height":0,"ocean_menu_typo_line_height_tablet":0,"ocean_menu_typo_line_height_mobile":0,"ocean_menu_typo_line_height_unit":"","ocean_menu_typo_spacing":0,"ocean_menu_typo_spacing_tablet":0,"ocean_menu_typo_spacing_mobile":0,"ocean_menu_typo_spacing_unit":"","ocean_menu_link_color":"","ocean_menu_link_color_hover":"","ocean_menu_link_color_active":"","ocean_menu_link_background":"","ocean_menu_link_hover_background":"","ocean_menu_link_active_background":"","ocean_menu_social_links_bg":"","ocean_menu_social_hover_links_bg":"","ocean_menu_social_links_color":"","ocean_menu_social_hover_links_color":"","ocean_disable_title":"on","ocean_disable_heading":"default","ocean_post_title":"","ocean_post_subheading":"","ocean_post_title_style":"","ocean_post_title_background_color":"","ocean_post_title_background":0,"ocean_post_title_bg_image_position":"","ocean_post_title_bg_image_attachment":"","ocean_post_title_bg_image_repeat":"","ocean_post_title_bg_image_size":"","ocean_post_title_height":0,"ocean_post_title_bg_overlay":0.5,"ocean_post_title_bg_overlay_color":"","ocean_disable_breadcrumbs":"default","ocean_breadcrumbs_color":"","ocean_breadcrumbs_separator_color":"","ocean_breadcrumbs_links_color":"","ocean_breadcrumbs_links_hover_color":"","ocean_display_footer_widgets":"default","ocean_display_footer_bottom":"default","ocean_custom_footer_template":"0","footnotes":""},"class_list":["post-88","page","type-page","status-publish","hentry","entry"],"jetpack_sharing_enabled":true,"_links":{"self":[{"href":"https:\/\/sozioprudenz.de\/index.php?rest_route=\/wp\/v2\/pages\/88","targetHints":{"allow":["GET"]}}],"collection":[{"href":"https:\/\/sozioprudenz.de\/index.php?rest_route=\/wp\/v2\/pages"}],"about":[{"href":"https:\/\/sozioprudenz.de\/index.php?rest_route=\/wp\/v2\/types\/page"}],"author":[{"embeddable":true,"href":"https:\/\/sozioprudenz.de\/index.php?rest_route=\/wp\/v2\/users\/1"}],"replies":[{"embeddable":true,"href":"https:\/\/sozioprudenz.de\/index.php?rest_route=%2Fwp%2Fv2%2Fcomments&post=88"}],"version-history":[{"count":15,"href":"https:\/\/sozioprudenz.de\/index.php?rest_route=\/wp\/v2\/pages\/88\/revisions"}],"predecessor-version":[{"id":324,"href":"https:\/\/sozioprudenz.de\/index.php?rest_route=\/wp\/v2\/pages\/88\/revisions\/324"}],"wp:attachment":[{"href":"https:\/\/sozioprudenz.de\/index.php?rest_route=%2Fwp%2Fv2%2Fmedia&parent=88"}],"curies":[{"name":"wp","href":"https:\/\/api.w.org\/{rel}","templated":true}]}}