{"id":299,"date":"2020-07-06T11:09:25","date_gmt":"2020-07-06T11:09:25","guid":{"rendered":"https:\/\/sozioprudenz.de\/?page_id=299"},"modified":"2020-09-08T18:13:56","modified_gmt":"2020-09-08T18:13:56","slug":"was-ist-sozioprudenz","status":"publish","type":"page","link":"https:\/\/sozioprudenz.de\/?page_id=299","title":{"rendered":"Was ist Sozioprudenz?"},"content":{"rendered":"\t\t<div data-elementor-type=\"wp-page\" data-elementor-id=\"299\" class=\"elementor elementor-299\">\n\t\t\t\t\t\t<section class=\"elementor-section elementor-top-section elementor-element elementor-element-bf7ed16 elementor-section-boxed elementor-section-height-default elementor-section-height-default\" data-id=\"bf7ed16\" data-element_type=\"section\" data-e-type=\"section\">\n\t\t\t\t\t\t<div class=\"elementor-container elementor-column-gap-default\">\n\t\t\t\t\t<div class=\"elementor-column elementor-col-100 elementor-top-column elementor-element elementor-element-c3365c7\" data-id=\"c3365c7\" data-element_type=\"column\" data-e-type=\"column\">\n\t\t\t<div class=\"elementor-widget-wrap elementor-element-populated\">\n\t\t\t\t\t\t<div class=\"elementor-element elementor-element-d080e75 elementor-widget elementor-widget-heading\" data-id=\"d080e75\" data-element_type=\"widget\" data-e-type=\"widget\" data-widget_type=\"heading.default\">\n\t\t\t\t<div class=\"elementor-widget-container\">\n\t\t\t\t\t<h2 class=\"elementor-heading-title elementor-size-default\">Was ist Sozioprudenz?<\/h2>\t\t\t\t<\/div>\n\t\t\t\t<\/div>\n\t\t\t\t\t<\/div>\n\t\t<\/div>\n\t\t\t\t\t<\/div>\n\t\t<\/section>\n\t\t\t\t<section class=\"elementor-section elementor-top-section elementor-element elementor-element-3be1e1f elementor-section-boxed elementor-section-height-default elementor-section-height-default\" data-id=\"3be1e1f\" data-element_type=\"section\" data-e-type=\"section\">\n\t\t\t\t\t\t<div class=\"elementor-container elementor-column-gap-default\">\n\t\t\t\t\t<div class=\"elementor-column elementor-col-100 elementor-top-column elementor-element elementor-element-d6ae255\" data-id=\"d6ae255\" data-element_type=\"column\" data-e-type=\"column\">\n\t\t\t<div class=\"elementor-widget-wrap elementor-element-populated\">\n\t\t\t\t\t\t<div class=\"elementor-element elementor-element-ee63c34 elementor-widget elementor-widget-spacer\" data-id=\"ee63c34\" data-element_type=\"widget\" data-e-type=\"widget\" data-widget_type=\"spacer.default\">\n\t\t\t\t<div class=\"elementor-widget-container\">\n\t\t\t\t\t\t\t<div class=\"elementor-spacer\">\n\t\t\t<div class=\"elementor-spacer-inner\"><\/div>\n\t\t<\/div>\n\t\t\t\t\t\t<\/div>\n\t\t\t\t<\/div>\n\t\t\t\t<div class=\"elementor-element elementor-element-9a13bfc elementor-widget elementor-widget-text-editor\" data-id=\"9a13bfc\" data-element_type=\"widget\" data-e-type=\"widget\" data-widget_type=\"text-editor.default\">\n\t\t\t\t<div class=\"elementor-widget-container\">\n\t\t\t\t\t\t\t\t\t<p><span style=\"color: #000000;\">Sozioprudenz<sup>\u00ae<\/sup> ist ein fundiertes, von Dr. Andreas Schwarz entwickeltes und rechtlich gesch\u00fctztes Lehr- und Beratungskonzept, da\u00df es erm\u00f6glicht, alle Lebenssituationen mit souver\u00e4ner Klugheit und Kompetenz zu l\u00f6sen.<\/span><\/p><p>\u00a0<\/p><p><span style=\"color: #000000;\">Die Sozioprudenz<sup>\u00ae<\/sup> hat Dr. Schwarz im Rahmen einer langen \u2013 eigentlich als Habilitationsschrift gedachten \u2013 Arbeit seit Beginn des neuen Jahrtausends als Ausdruck f\u00fcr eine politisch-soziale Klugheitslehre erfunden.<\/span><\/p><p>\u00a0<\/p><p><span style=\"color: #000000;\">Die Sozioprudenz<sup>\u00ae<\/sup> Wortmarke ist eine gesetzlich gesch\u00fctzte und eingetragene Marke von Dr. Andreas Schwarz. Die Nutzung dieser Marke durch Clemens Albrecht erfolgt ohne Lizenz!<\/span><\/p><p>\u00a0<\/p><p><span style=\"color: #000000;\">Diese Seiten berichten Ihnen von der Kaperung, der Enteignung des ganzen Konzeptes der Sozioprudenz<sup>\u00ae<\/sup> und der wiederholt praktizierten ungekennzeichneten Nachahmung meiner Ideen durch Herrn Cl. Albrecht, der die Sozioprudenz<sup>\u00ae<\/sup> benutzt, ohne mich als deren Erfinder und Urheber zu nennen.<\/span><\/p><p>\u00a0<\/p><p><span style=\"color: #000000;\">Dr. Andreas Schwarz<\/span><\/p>\t\t\t\t\t\t\t\t<\/div>\n\t\t\t\t<\/div>\n\t\t\t\t\t<\/div>\n\t\t<\/div>\n\t\t\t\t\t<\/div>\n\t\t<\/section>\n\t\t\t\t<\/div>\n\t\t","protected":false},"excerpt":{"rendered":"<p>Was ist Sozioprudenz? Sozioprudenz\u00ae ist ein fundiertes, von Dr. Andreas Schwarz entwickeltes und rechtlich gesch\u00fctztes Lehr- und Beratungskonzept, da\u00df es erm\u00f6glicht, alle Lebenssituationen mit souver\u00e4ner Klugheit und Kompetenz zu l\u00f6sen. \u00a0 Die Sozioprudenz\u00ae hat Dr. Schwarz im Rahmen einer langen \u2013 eigentlich als Habilitationsschrift gedachten \u2013 Arbeit seit Beginn des neuen Jahrtausends als Ausdruck f\u00fcr [&hellip;]<\/p>\n","protected":false},"author":1,"featured_media":0,"parent":0,"menu_order":0,"comment_status":"closed","ping_status":"closed","template":"","meta":{"ocean_post_layout":"left-sidebar","ocean_both_sidebars_style":"","ocean_both_sidebars_content_width":0,"ocean_both_sidebars_sidebars_width":0,"ocean_sidebar":"sidebar-2","ocean_second_sidebar":"0","ocean_disable_margins":"enable","ocean_add_body_class":"","ocean_shortcode_before_top_bar":"","ocean_shortcode_after_top_bar":"","ocean_shortcode_before_header":"","ocean_shortcode_after_header":"","ocean_has_shortcode":"","ocean_shortcode_after_title":"","ocean_shortcode_before_footer_widgets":"","ocean_shortcode_after_footer_widgets":"","ocean_shortcode_before_footer_bottom":"","ocean_shortcode_after_footer_bottom":"","ocean_display_top_bar":"default","ocean_display_header":"default","ocean_header_style":"","ocean_center_header_left_menu":"0","ocean_custom_header_template":"0","ocean_custom_logo":0,"ocean_custom_retina_logo":0,"ocean_custom_logo_max_width":0,"ocean_custom_logo_tablet_max_width":0,"ocean_custom_logo_mobile_max_width":0,"ocean_custom_logo_max_height":0,"ocean_custom_logo_tablet_max_height":0,"ocean_custom_logo_mobile_max_height":0,"ocean_header_custom_menu":"7","ocean_menu_typo_font_family":"0","ocean_menu_typo_font_subset":"","ocean_menu_typo_font_size":0,"ocean_menu_typo_font_size_tablet":0,"ocean_menu_typo_font_size_mobile":0,"ocean_menu_typo_font_size_unit":"px","ocean_menu_typo_font_weight":"","ocean_menu_typo_font_weight_tablet":"","ocean_menu_typo_font_weight_mobile":"","ocean_menu_typo_transform":"","ocean_menu_typo_transform_tablet":"","ocean_menu_typo_transform_mobile":"","ocean_menu_typo_line_height":0,"ocean_menu_typo_line_height_tablet":0,"ocean_menu_typo_line_height_mobile":0,"ocean_menu_typo_line_height_unit":"","ocean_menu_typo_spacing":0,"ocean_menu_typo_spacing_tablet":0,"ocean_menu_typo_spacing_mobile":0,"ocean_menu_typo_spacing_unit":"","ocean_menu_link_color":"","ocean_menu_link_color_hover":"","ocean_menu_link_color_active":"","ocean_menu_link_background":"","ocean_menu_link_hover_background":"","ocean_menu_link_active_background":"","ocean_menu_social_links_bg":"","ocean_menu_social_hover_links_bg":"","ocean_menu_social_links_color":"","ocean_menu_social_hover_links_color":"","ocean_disable_title":"on","ocean_disable_heading":"default","ocean_post_title":"","ocean_post_subheading":"","ocean_post_title_style":"","ocean_post_title_background_color":"","ocean_post_title_background":0,"ocean_post_title_bg_image_position":"","ocean_post_title_bg_image_attachment":"","ocean_post_title_bg_image_repeat":"","ocean_post_title_bg_image_size":"","ocean_post_title_height":0,"ocean_post_title_bg_overlay":0.5,"ocean_post_title_bg_overlay_color":"","ocean_disable_breadcrumbs":"default","ocean_breadcrumbs_color":"","ocean_breadcrumbs_separator_color":"","ocean_breadcrumbs_links_color":"","ocean_breadcrumbs_links_hover_color":"","ocean_display_footer_widgets":"default","ocean_display_footer_bottom":"default","ocean_custom_footer_template":"0","footnotes":""},"class_list":["post-299","page","type-page","status-publish","hentry","entry"],"jetpack_sharing_enabled":true,"_links":{"self":[{"href":"https:\/\/sozioprudenz.de\/index.php?rest_route=\/wp\/v2\/pages\/299","targetHints":{"allow":["GET"]}}],"collection":[{"href":"https:\/\/sozioprudenz.de\/index.php?rest_route=\/wp\/v2\/pages"}],"about":[{"href":"https:\/\/sozioprudenz.de\/index.php?rest_route=\/wp\/v2\/types\/page"}],"author":[{"embeddable":true,"href":"https:\/\/sozioprudenz.de\/index.php?rest_route=\/wp\/v2\/users\/1"}],"replies":[{"embeddable":true,"href":"https:\/\/sozioprudenz.de\/index.php?rest_route=%2Fwp%2Fv2%2Fcomments&post=299"}],"version-history":[{"count":4,"href":"https:\/\/sozioprudenz.de\/index.php?rest_route=\/wp\/v2\/pages\/299\/revisions"}],"predecessor-version":[{"id":304,"href":"https:\/\/sozioprudenz.de\/index.php?rest_route=\/wp\/v2\/pages\/299\/revisions\/304"}],"wp:attachment":[{"href":"https:\/\/sozioprudenz.de\/index.php?rest_route=%2Fwp%2Fv2%2Fmedia&parent=299"}],"curies":[{"name":"wp","href":"https:\/\/api.w.org\/{rel}","templated":true}]}}