{"id":246,"date":"2020-07-05T20:56:12","date_gmt":"2020-07-05T20:56:12","guid":{"rendered":"https:\/\/sozioprudenz.de\/?page_id=246"},"modified":"2020-09-08T18:13:36","modified_gmt":"2020-09-08T18:13:36","slug":"sozioprudenz-brevier","status":"publish","type":"page","link":"https:\/\/sozioprudenz.de\/?page_id=246","title":{"rendered":"Sozioprudenz\u00ae-Brevier"},"content":{"rendered":"\t\t<div data-elementor-type=\"wp-page\" data-elementor-id=\"246\" class=\"elementor elementor-246\">\n\t\t\t\t\t\t<section class=\"elementor-section elementor-top-section elementor-element elementor-element-6110863 elementor-section-boxed elementor-section-height-default elementor-section-height-default\" data-id=\"6110863\" data-element_type=\"section\" data-e-type=\"section\">\n\t\t\t\t\t\t<div class=\"elementor-container elementor-column-gap-default\">\n\t\t\t\t\t<div class=\"elementor-column elementor-col-100 elementor-top-column elementor-element elementor-element-8999e3e\" data-id=\"8999e3e\" data-element_type=\"column\" data-e-type=\"column\">\n\t\t\t<div class=\"elementor-widget-wrap elementor-element-populated\">\n\t\t\t\t\t\t<div class=\"elementor-element elementor-element-44d1d9e elementor-widget elementor-widget-text-editor\" data-id=\"44d1d9e\" data-element_type=\"widget\" data-e-type=\"widget\" data-widget_type=\"text-editor.default\">\n\t\t\t\t<div class=\"elementor-widget-container\">\n\t\t\t\t\t\t\t\t\t<p><span style=\"font-size: large;\"><span style=\"color: #000000;\">Das Sozioprudenz<\/span><\/span><span style=\"font-size: large;\"><span style=\"color: #000000;\"><span style=\"color: #000000; font-size: large;\"><sup>\u00ae<\/sup><\/span>-Brevier ist nach den 3 Teilen von Graci\u00e1ns Handbuch der Sozioprudenz<\/span><\/span><span style=\"font-size: large;\"><span style=\"color: #000000;\"><span style=\"color: #000000; font-size: large;\"><sup>\u00ae<\/sup><\/span> der vierte Band einer neuen innovativen Reihe: Lehrb\u00fccher und Klassiker der Sozioprudenz<\/span><\/span><span style=\"font-size: large;\"><span style=\"color: #000000;\"><span style=\"color: #000000; font-size: large;\"><sup>\u00ae<\/sup><\/span>.<br \/><br \/><\/span><\/span><\/p>\t\t\t\t\t\t\t\t<\/div>\n\t\t\t\t<\/div>\n\t\t\t\t\t<\/div>\n\t\t<\/div>\n\t\t\t\t\t<\/div>\n\t\t<\/section>\n\t\t\t\t<section class=\"elementor-section elementor-top-section elementor-element elementor-element-b0b170b elementor-section-boxed elementor-section-height-default elementor-section-height-default\" data-id=\"b0b170b\" data-element_type=\"section\" data-e-type=\"section\">\n\t\t\t\t\t\t<div class=\"elementor-container elementor-column-gap-default\">\n\t\t\t\t\t<div class=\"elementor-column elementor-col-100 elementor-top-column elementor-element elementor-element-623e71f\" data-id=\"623e71f\" data-element_type=\"column\" data-e-type=\"column\">\n\t\t\t<div class=\"elementor-widget-wrap elementor-element-populated\">\n\t\t\t\t\t\t<div class=\"elementor-element elementor-element-075e52c elementor-widget elementor-widget-image\" data-id=\"075e52c\" data-element_type=\"widget\" data-e-type=\"widget\" data-widget_type=\"image.default\">\n\t\t\t\t<div class=\"elementor-widget-container\">\n\t\t\t\t\t\t\t\t\t\t\t\t\t\t\t<img fetchpriority=\"high\" decoding=\"async\" width=\"249\" height=\"399\" src=\"https:\/\/sozioprudenz.de\/wp-content\/uploads\/2020\/07\/Einzelbild-Sozioprudenz-Cover-hellgr\u00fcn-jpeg-700.jpg\" class=\"attachment-large size-large wp-image-248\" alt=\"\" srcset=\"https:\/\/sozioprudenz.de\/wp-content\/uploads\/2020\/07\/Einzelbild-Sozioprudenz-Cover-hellgr\u00fcn-jpeg-700.jpg 249w, https:\/\/sozioprudenz.de\/wp-content\/uploads\/2020\/07\/Einzelbild-Sozioprudenz-Cover-hellgr\u00fcn-jpeg-700-187x300.jpg 187w\" sizes=\"(max-width: 249px) 100vw, 249px\" \/>\t\t\t\t\t\t\t\t\t\t\t\t\t\t\t<\/div>\n\t\t\t\t<\/div>\n\t\t\t\t\t<\/div>\n\t\t<\/div>\n\t\t\t\t\t<\/div>\n\t\t<\/section>\n\t\t\t\t<section class=\"elementor-section elementor-top-section elementor-element elementor-element-be78637 elementor-section-boxed elementor-section-height-default elementor-section-height-default\" data-id=\"be78637\" data-element_type=\"section\" data-e-type=\"section\">\n\t\t\t\t\t\t<div class=\"elementor-container elementor-column-gap-default\">\n\t\t\t\t\t<div class=\"elementor-column elementor-col-100 elementor-top-column elementor-element elementor-element-ef92002\" data-id=\"ef92002\" data-element_type=\"column\" data-e-type=\"column\">\n\t\t\t<div class=\"elementor-widget-wrap elementor-element-populated\">\n\t\t\t\t\t\t<div class=\"elementor-element elementor-element-95b2ad9 elementor-widget elementor-widget-spacer\" data-id=\"95b2ad9\" data-element_type=\"widget\" data-e-type=\"widget\" data-widget_type=\"spacer.default\">\n\t\t\t\t<div class=\"elementor-widget-container\">\n\t\t\t\t\t\t\t<div class=\"elementor-spacer\">\n\t\t\t<div class=\"elementor-spacer-inner\"><\/div>\n\t\t<\/div>\n\t\t\t\t\t\t<\/div>\n\t\t\t\t<\/div>\n\t\t\t\t<div class=\"elementor-element elementor-element-7458468 elementor-widget elementor-widget-text-editor\" data-id=\"7458468\" data-element_type=\"widget\" data-e-type=\"widget\" data-widget_type=\"text-editor.default\">\n\t\t\t\t<div class=\"elementor-widget-container\">\n\t\t\t\t\t\t\t\t\t<div><span style=\"font-size: large;\"><span style=\"color: #000000;\">In dieser innovativen Reihe der Lehrb\u00fccher und Klassiker der Soziopruden<\/span><\/span><span style=\"font-size: large;\"><span style=\"color: #000000;\"><span style=\"color: #000000; font-size: large;\">z<sup>\u00ae<\/sup> <\/span>ist am 20. Februar 2020 der vierte Band erschienen. Er enth\u00e4lt die wichtigsten Klugheitsregeln und Verhaltenslehren von der Antike bis zur Gegenwart. Ist aber <\/span><\/span><span style=\"font-size: large;\"><span style=\"color: #000000;\">\u2013\u00a0 aufgrund seines h\u00f6chst brisanten Inhaltes <\/span><\/span><span style=\"font-size: large;\"><span style=\"color: #000000;\">\u2013 im Unterschied zu den ersten drei B\u00e4nden nur direkt vom Autor zu beziehen und wird nicht \u00fcber den Buchhandel vertrieben.<br \/><\/span><\/span><\/div><div><br \/><span style=\"font-size: large;\"><span style=\"color: #000000;\"><br \/><\/span><\/span><\/div><div><span style=\"font-size: large;\"><span style=\"color: #000000;\">Zum Herausgeber und Autor: Dr. Andreas Schwarz\u00a0 \u2013\u00a0 Erfinder und Markeninhaber der Soziopruden<\/span><\/span><span style=\"font-size: large;\"><span style=\"color: #000000;\"><span style=\"color: #000000; font-size: large;\">z<sup>\u00ae<\/sup> <\/span>\u2013 ist Verwaltungswissenschaftler, Aufsichtsrat, Management Coach und Rhetorikforscher. Als ein vielseitig interessierter Kulturhistoriker, Rechtsphilosoph, Macht-, Organisations- und Klugheitsexperte hat er eine Reihe von Aufs\u00e4tzen, Essays und wissenschaftlichen Arbeiten \u00fcber die Themen Bildung, Macht, Kommunikation, vergleichende Literaturgeschichte, Psychologie und Lebenskunst verfasst, die jedoch nicht zur Ver\u00f6ffentlichung bestimmt sind.<\/span><\/span><\/div><div><span style=\"font-size: large;\"><span style=\"color: #000000;\">\u00a0<\/span><\/span><\/div><div><span style=\"font-size: large;\"><span style=\"color: #000000;\">In der hier nun vorgelegten neuen Reihe werden von ihm klassische Texte der Soziopruden<\/span><\/span><span style=\"font-size: large;\"><span style=\"color: #000000;\"><span style=\"color: #000000; font-size: large;\">z<sup>\u00ae<\/sup><\/span> bekannt gemacht und erl\u00e4utert<\/span><\/span><span style=\"font-size: large;\"><span style=\"color: #000000;\">. <\/span><\/span><br \/><span style=\"font-size: large;\"><span style=\"color: #000000;\"><br \/><\/span><\/span><\/div><div><span style=\"font-size: large;\"><span style=\"color: #000000;\">Soziopruden<\/span><\/span><span style=\"font-size: large;\"><span style=\"color: #000000;\"><span style=\"color: #000000; font-size: large;\">z<sup>\u00ae<\/sup><\/span> ist ein fundiertes, von Dr. Andreas Schwarz entwickeltes und rechtlich gesch\u00fctztes Lehr- und Beratungskonzept, da\u00df es erm\u00f6glicht, alle Lebenssituationen mit souver\u00e4ner Klugheit und Kompetenz zu l\u00f6sen.<\/span><\/span><\/div><div><span style=\"font-size: large;\"><span style=\"color: #000000;\">\u00a0<\/span><\/span><\/div><div><span style=\"font-size: large;\"><span style=\"color: #000000;\">Die Soziopruden<\/span><\/span><span style=\"font-size: large;\"><span style=\"color: #000000;\"><span style=\"color: #000000; font-size: large;\">z<sup>\u00ae<\/sup><\/span> hat Dr. Schwarz im Rahmen einer langen <\/span><\/span><span style=\"font-size: large;\"><span style=\"color: #000000;\">\u2013 eigentlich als Habilitationsschrift gedachten <\/span><\/span><span style=\"font-size: large;\"><span style=\"color: #000000;\">\u2013 Arbeit seit Beginn des neuen Jahrtausends als Ausdruck f\u00fcr eine politisch-soziale Klugheitslehre erfunden.\u00a0<\/span><\/span><\/div><div><span style=\"font-size: large;\"><span style=\"color: #000000;\">\u00a0<\/span><\/span><\/div><div><span style=\"font-size: large;\"><span style=\"color: #000000;\">In diesem 4. Band finden Sie in der von Dr. Andreas Schwarz herausgegebenen Reihe Lehrb\u00fccher und Klassiker der Soziopruden<\/span><\/span><span style=\"font-size: large;\"><span style=\"color: #000000;\"><span style=\"color: #000000; font-size: large;\">z<sup>\u00ae<\/sup><\/span> eine Auswahl von Maximen, Sentenzen und Zitaten zur Lebensklugheit und Menschenkenntnis aus Werken der Weltliteratur. Sie ber\u00fchren u. a. die Themen Verhaltenslehre, Gl\u00fcck, Praktische Philosophie, Rhetorik, Machttechniken, politisch-soziale Klugheit und Lebenskunst. <br \/><\/span><\/span><\/div><div><span style=\"font-size: large;\"><span style=\"color: #000000;\">\u00a0<\/span><\/span><\/div><div><span style=\"font-size: large;\"><span style=\"color: #000000;\">Mit instruktivem Nachwort und Materialien zur wirklichen und originalen Geschichte der Sozioprunden<\/span><\/span><span style=\"font-size: large;\"><span style=\"color: #000000;\"><span style=\"color: #000000; font-size: large;\">z<sup>\u00ae<\/sup><\/span>.<br \/><br \/><\/span><\/span><\/div><div>\u00a0<\/div>\t\t\t\t\t\t\t\t<\/div>\n\t\t\t\t<\/div>\n\t\t\t\t\t<\/div>\n\t\t<\/div>\n\t\t\t\t\t<\/div>\n\t\t<\/section>\n\t\t\t\t<\/div>\n\t\t","protected":false},"excerpt":{"rendered":"<p>Das Sozioprudenz\u00ae-Brevier ist nach den 3 Teilen von Graci\u00e1ns Handbuch der Sozioprudenz\u00ae der vierte Band einer neuen innovativen Reihe: Lehrb\u00fccher und Klassiker der Sozioprudenz\u00ae. In dieser innovativen Reihe der Lehrb\u00fccher und Klassiker der Sozioprudenz\u00ae ist am 20. Februar 2020 der vierte Band erschienen. Er enth\u00e4lt die wichtigsten Klugheitsregeln und Verhaltenslehren von der Antike bis zur [&hellip;]<\/p>\n","protected":false},"author":1,"featured_media":0,"parent":0,"menu_order":0,"comment_status":"closed","ping_status":"closed","template":"","meta":{"ocean_post_layout":"left-sidebar","ocean_both_sidebars_style":"","ocean_both_sidebars_content_width":0,"ocean_both_sidebars_sidebars_width":0,"ocean_sidebar":"sidebar-2","ocean_second_sidebar":"0","ocean_disable_margins":"enable","ocean_add_body_class":"","ocean_shortcode_before_top_bar":"","ocean_shortcode_after_top_bar":"","ocean_shortcode_before_header":"","ocean_shortcode_after_header":"","ocean_has_shortcode":"","ocean_shortcode_after_title":"","ocean_shortcode_before_footer_widgets":"","ocean_shortcode_after_footer_widgets":"","ocean_shortcode_before_footer_bottom":"","ocean_shortcode_after_footer_bottom":"","ocean_display_top_bar":"default","ocean_display_header":"default","ocean_header_style":"","ocean_center_header_left_menu":"0","ocean_custom_header_template":"0","ocean_custom_logo":0,"ocean_custom_retina_logo":0,"ocean_custom_logo_max_width":0,"ocean_custom_logo_tablet_max_width":0,"ocean_custom_logo_mobile_max_width":0,"ocean_custom_logo_max_height":0,"ocean_custom_logo_tablet_max_height":0,"ocean_custom_logo_mobile_max_height":0,"ocean_header_custom_menu":"7","ocean_menu_typo_font_family":"0","ocean_menu_typo_font_subset":"","ocean_menu_typo_font_size":0,"ocean_menu_typo_font_size_tablet":0,"ocean_menu_typo_font_size_mobile":0,"ocean_menu_typo_font_size_unit":"px","ocean_menu_typo_font_weight":"","ocean_menu_typo_font_weight_tablet":"","ocean_menu_typo_font_weight_mobile":"","ocean_menu_typo_transform":"","ocean_menu_typo_transform_tablet":"","ocean_menu_typo_transform_mobile":"","ocean_menu_typo_line_height":0,"ocean_menu_typo_line_height_tablet":0,"ocean_menu_typo_line_height_mobile":0,"ocean_menu_typo_line_height_unit":"","ocean_menu_typo_spacing":0,"ocean_menu_typo_spacing_tablet":0,"ocean_menu_typo_spacing_mobile":0,"ocean_menu_typo_spacing_unit":"","ocean_menu_link_color":"","ocean_menu_link_color_hover":"","ocean_menu_link_color_active":"","ocean_menu_link_background":"","ocean_menu_link_hover_background":"","ocean_menu_link_active_background":"","ocean_menu_social_links_bg":"","ocean_menu_social_hover_links_bg":"","ocean_menu_social_links_color":"","ocean_menu_social_hover_links_color":"","ocean_disable_title":"on","ocean_disable_heading":"default","ocean_post_title":"","ocean_post_subheading":"","ocean_post_title_style":"","ocean_post_title_background_color":"","ocean_post_title_background":0,"ocean_post_title_bg_image_position":"","ocean_post_title_bg_image_attachment":"","ocean_post_title_bg_image_repeat":"","ocean_post_title_bg_image_size":"","ocean_post_title_height":0,"ocean_post_title_bg_overlay":0.5,"ocean_post_title_bg_overlay_color":"","ocean_disable_breadcrumbs":"default","ocean_breadcrumbs_color":"","ocean_breadcrumbs_separator_color":"","ocean_breadcrumbs_links_color":"","ocean_breadcrumbs_links_hover_color":"","ocean_display_footer_widgets":"default","ocean_display_footer_bottom":"default","ocean_custom_footer_template":"0","footnotes":""},"class_list":["post-246","page","type-page","status-publish","hentry","entry"],"jetpack_sharing_enabled":true,"_links":{"self":[{"href":"https:\/\/sozioprudenz.de\/index.php?rest_route=\/wp\/v2\/pages\/246","targetHints":{"allow":["GET"]}}],"collection":[{"href":"https:\/\/sozioprudenz.de\/index.php?rest_route=\/wp\/v2\/pages"}],"about":[{"href":"https:\/\/sozioprudenz.de\/index.php?rest_route=\/wp\/v2\/types\/page"}],"author":[{"embeddable":true,"href":"https:\/\/sozioprudenz.de\/index.php?rest_route=\/wp\/v2\/users\/1"}],"replies":[{"embeddable":true,"href":"https:\/\/sozioprudenz.de\/index.php?rest_route=%2Fwp%2Fv2%2Fcomments&post=246"}],"version-history":[{"count":7,"href":"https:\/\/sozioprudenz.de\/index.php?rest_route=\/wp\/v2\/pages\/246\/revisions"}],"predecessor-version":[{"id":328,"href":"https:\/\/sozioprudenz.de\/index.php?rest_route=\/wp\/v2\/pages\/246\/revisions\/328"}],"wp:attachment":[{"href":"https:\/\/sozioprudenz.de\/index.php?rest_route=%2Fwp%2Fv2%2Fmedia&parent=246"}],"curies":[{"name":"wp","href":"https:\/\/api.w.org\/{rel}","templated":true}]}}