{"id":163,"date":"2020-07-05T17:40:54","date_gmt":"2020-07-05T17:40:54","guid":{"rendered":"http:\/\/sozioprudenz.de\/?page_id=163"},"modified":"2020-09-08T18:14:22","modified_gmt":"2020-09-08T18:14:22","slug":"wer-erfand-die-sozioprudenz-wirklich","status":"publish","type":"page","link":"https:\/\/sozioprudenz.de\/?page_id=163","title":{"rendered":"Wer erfand die Sozioprudenz wirklich?"},"content":{"rendered":"\t\t<div data-elementor-type=\"wp-page\" data-elementor-id=\"163\" class=\"elementor elementor-163\">\n\t\t\t\t\t\t<section class=\"elementor-section elementor-top-section elementor-element elementor-element-0cfdb48 elementor-section-boxed elementor-section-height-default elementor-section-height-default\" data-id=\"0cfdb48\" data-element_type=\"section\" data-e-type=\"section\">\n\t\t\t\t\t\t<div class=\"elementor-container elementor-column-gap-default\">\n\t\t\t\t\t<div class=\"elementor-column elementor-col-100 elementor-top-column elementor-element elementor-element-0c31ac8\" data-id=\"0c31ac8\" data-element_type=\"column\" data-e-type=\"column\">\n\t\t\t<div class=\"elementor-widget-wrap elementor-element-populated\">\n\t\t\t\t\t\t<div class=\"elementor-element elementor-element-b54bee8 elementor-widget elementor-widget-heading\" data-id=\"b54bee8\" data-element_type=\"widget\" data-e-type=\"widget\" data-widget_type=\"heading.default\">\n\t\t\t\t<div class=\"elementor-widget-container\">\n\t\t\t\t\t<h2 class=\"elementor-heading-title elementor-size-default\"><b><span style=\"color:red;line-height:150%;font-family:Arial,sans-serif;font-size:14pt\"><font color=\"#000000\">Die verschwiegenen, fremden Federn<\/font><\/span><\/b><\/h2>\t\t\t\t<\/div>\n\t\t\t\t<\/div>\n\t\t\t\t\t<\/div>\n\t\t<\/div>\n\t\t\t\t\t<\/div>\n\t\t<\/section>\n\t\t\t\t<section class=\"elementor-section elementor-top-section elementor-element elementor-element-ec307ad elementor-section-boxed elementor-section-height-default elementor-section-height-default\" data-id=\"ec307ad\" data-element_type=\"section\" data-e-type=\"section\">\n\t\t\t\t\t\t<div class=\"elementor-container elementor-column-gap-default\">\n\t\t\t\t\t<div class=\"elementor-column elementor-col-100 elementor-top-column elementor-element elementor-element-edd642e\" data-id=\"edd642e\" data-element_type=\"column\" data-e-type=\"column\">\n\t\t\t<div class=\"elementor-widget-wrap elementor-element-populated\">\n\t\t\t\t\t\t<div class=\"elementor-element elementor-element-02bdea5 elementor-widget elementor-widget-spacer\" data-id=\"02bdea5\" data-element_type=\"widget\" data-e-type=\"widget\" data-widget_type=\"spacer.default\">\n\t\t\t\t<div class=\"elementor-widget-container\">\n\t\t\t\t\t\t\t<div class=\"elementor-spacer\">\n\t\t\t<div class=\"elementor-spacer-inner\"><\/div>\n\t\t<\/div>\n\t\t\t\t\t\t<\/div>\n\t\t\t\t<\/div>\n\t\t\t\t<div class=\"elementor-element elementor-element-98fec1a elementor-widget elementor-widget-text-editor\" data-id=\"98fec1a\" data-element_type=\"widget\" data-e-type=\"widget\" data-widget_type=\"text-editor.default\">\n\t\t\t\t<div class=\"elementor-widget-container\">\n\t\t\t\t\t\t\t\t\t<div><span style=\"color: #000000;\">Bei meiner Besprechung der DGS-Mitgliederzeitschrift <em>Soziologie<\/em>, Heft 1 aus dem Jahr 2018 will ich mich ganz auf den Artikel zur Sozioprudenz konzentrieren. In diesem feiern und beweihr\u00e4uchern sich Clemens Albrecht und Joachim Fischer (zu Unrecht) als die Entdecker und Erfinder der \u201aSozioprudenz\u2018, einer praktischen Soziologie. Hatte J. Fischer bislang immer recht heftig bestritten, da\u00df ein Soziologe wie H. Plessner eine praktische Verhaltenslehre intendiere; und z. B. gegen H. Lethen nachdr\u00fccklich darauf bestanden, da\u00df Plessner eine \u201aSozialtheorie der Grenze\u2018, aber keine Verhaltenslehre, keine Sozioprudenz gebe; behauptet er nun, offensichtlich vom Erfolg des Konzeptes berauscht, da\u00df alle relevanten Soziologen des 20. Jahrhunderts eine prudentistische Absicht gehabt h\u00e4tten oder zumindest \u201aprudentistisch\u2018 gelesen werden k\u00f6nnten.<br \/><\/span><\/div><div><span style=\"color: #000000;\">\u00a0<\/span><\/div><p><span style=\"color: #000000;\">Es ist dies, was ich seit mittlerweile rund 20 Jahren zu etablieren und in die akademischen K\u00f6pfe zu bringen versuche. Eine Lehre praktischer Klugheit durchzusetzen, angesichts eines hierarchisch-zunftartigen \u00dcberma\u00dfes und \u00dcbergewichts, das mit Macht alles Nonkonforme aus dem universit\u00e4ren Betrieb ausschlie\u00dft. Und mit Unkenntnis oder Desinteresse auf derartige Vorschl\u00e4ge reagiert. Sei es in der Philosophie, wo die gesamte Lebenskunst ausgeschlossen wird, oder eben in der Soziologie, wo ich schon oft die Probe machte, und feststellen mu\u00dfte, da\u00df viele Fachvertreter nicht einmal verstehen, was mit der \u201aSozioprudenz\u2018 (Andreas Schwarz) gemeint und beabsichtigt ist. N\u00e4mlich die Soziologie zu einer praktischen und relevanten Lehre zu machen. Der Praxisbegriff der Sozialwissenschaften meint ja heute eine Zuwendung zu empirischen Forschungsmethoden. Will man den Studierenden die \u201aPraxis\u2018 vermitteln, so steckt man sie in Kurse und Praktika f\u00fcr empirische Sozialforschung. Doch mir ging es seit jeher um einen ganz anderen Praxisbegriff; was aber, wie gesagt, bislang \u00fcberhaupt nicht begriffen wurde.<br \/><br \/>Was Fischer \/ Albrecht hier \u2013 mich imitierend \u2013 jetzt machen, geht in die richtige Richtung, verflacht dann aber auch in empirischer Kulturwissenschaft (Ethnologie des Allt\u00e4glichen) und einer harmlosen Gespr\u00e4chsschulung. Damit hat das Konzept eine sehr gravierende Verengung erfahren. Was mich h\u00f6chst unzufrieden macht. An seiner neuen St\u00e4tte will Prof. Cl. Albrecht jetzt offensichtlich die bemerkten Defizite seines bisherigen Verst\u00e4ndnisses von Sozioprudenz kompensieren, und sie nun auf Organisationen anwenden; freilich wieder ohne meinen Namen \u00fcberhaupt zu erw\u00e4hnen. Denn diesen Gedanken, eines derartigen Einsatzes der Klugheit, der eigentlich auch die urspr\u00fcngliche Absicht der Sozioprudenz war, habe ich schon 1995\/96 ersonnen und 10 Jahre &#8230;<\/span><\/p>\t\t\t\t\t\t\t\t<\/div>\n\t\t\t\t<\/div>\n\t\t\t\t<div class=\"elementor-element elementor-element-05597d0 elementor-widget elementor-widget-spacer\" data-id=\"05597d0\" data-element_type=\"widget\" data-e-type=\"widget\" data-widget_type=\"spacer.default\">\n\t\t\t\t<div class=\"elementor-widget-container\">\n\t\t\t\t\t\t\t<div class=\"elementor-spacer\">\n\t\t\t<div class=\"elementor-spacer-inner\"><\/div>\n\t\t<\/div>\n\t\t\t\t\t\t<\/div>\n\t\t\t\t<\/div>\n\t\t\t\t<div class=\"elementor-element elementor-element-5332f07 elementor-widget elementor-widget-text-editor\" data-id=\"5332f07\" data-element_type=\"widget\" data-e-type=\"widget\" data-widget_type=\"text-editor.default\">\n\t\t\t\t<div class=\"elementor-widget-container\">\n\t\t\t\t\t\t\t\t\t<h4><span style=\"color: #9900ff;\"><a style=\"color: #9900ff;\" href=\"https:\/\/sozioprudenz.de\/?page_id=88\">weiterlesen (exklusiv f\u00fcr Mitglieder und Klienten)<\/a>\u00a0<\/span><\/h4>\t\t\t\t\t\t\t\t<\/div>\n\t\t\t\t<\/div>\n\t\t\t\t\t<\/div>\n\t\t<\/div>\n\t\t\t\t\t<\/div>\n\t\t<\/section>\n\t\t\t\t<\/div>\n\t\t","protected":false},"excerpt":{"rendered":"<p>Die verschwiegenen, fremden Federn Bei meiner Besprechung der DGS-Mitgliederzeitschrift Soziologie, Heft 1 aus dem Jahr 2018 will ich mich ganz auf den Artikel zur Sozioprudenz konzentrieren. In diesem feiern und beweihr\u00e4uchern sich Clemens Albrecht und Joachim Fischer (zu Unrecht) als die Entdecker und Erfinder der \u201aSozioprudenz\u2018, einer praktischen Soziologie. Hatte J. Fischer bislang immer recht [&hellip;]<\/p>\n","protected":false},"author":1,"featured_media":0,"parent":0,"menu_order":0,"comment_status":"closed","ping_status":"closed","template":"","meta":{"ocean_post_layout":"left-sidebar","ocean_both_sidebars_style":"","ocean_both_sidebars_content_width":0,"ocean_both_sidebars_sidebars_width":0,"ocean_sidebar":"sidebar-2","ocean_second_sidebar":"0","ocean_disable_margins":"enable","ocean_add_body_class":"","ocean_shortcode_before_top_bar":"","ocean_shortcode_after_top_bar":"","ocean_shortcode_before_header":"","ocean_shortcode_after_header":"","ocean_has_shortcode":"","ocean_shortcode_after_title":"","ocean_shortcode_before_footer_widgets":"","ocean_shortcode_after_footer_widgets":"","ocean_shortcode_before_footer_bottom":"","ocean_shortcode_after_footer_bottom":"","ocean_display_top_bar":"default","ocean_display_header":"default","ocean_header_style":"","ocean_center_header_left_menu":"0","ocean_custom_header_template":"0","ocean_custom_logo":0,"ocean_custom_retina_logo":0,"ocean_custom_logo_max_width":0,"ocean_custom_logo_tablet_max_width":0,"ocean_custom_logo_mobile_max_width":0,"ocean_custom_logo_max_height":0,"ocean_custom_logo_tablet_max_height":0,"ocean_custom_logo_mobile_max_height":0,"ocean_header_custom_menu":"7","ocean_menu_typo_font_family":"0","ocean_menu_typo_font_subset":"","ocean_menu_typo_font_size":0,"ocean_menu_typo_font_size_tablet":0,"ocean_menu_typo_font_size_mobile":0,"ocean_menu_typo_font_size_unit":"px","ocean_menu_typo_font_weight":"","ocean_menu_typo_font_weight_tablet":"","ocean_menu_typo_font_weight_mobile":"","ocean_menu_typo_transform":"","ocean_menu_typo_transform_tablet":"","ocean_menu_typo_transform_mobile":"","ocean_menu_typo_line_height":0,"ocean_menu_typo_line_height_tablet":0,"ocean_menu_typo_line_height_mobile":0,"ocean_menu_typo_line_height_unit":"","ocean_menu_typo_spacing":0,"ocean_menu_typo_spacing_tablet":0,"ocean_menu_typo_spacing_mobile":0,"ocean_menu_typo_spacing_unit":"","ocean_menu_link_color":"","ocean_menu_link_color_hover":"","ocean_menu_link_color_active":"","ocean_menu_link_background":"","ocean_menu_link_hover_background":"","ocean_menu_link_active_background":"","ocean_menu_social_links_bg":"","ocean_menu_social_hover_links_bg":"","ocean_menu_social_links_color":"","ocean_menu_social_hover_links_color":"","ocean_disable_title":"on","ocean_disable_heading":"default","ocean_post_title":"","ocean_post_subheading":"","ocean_post_title_style":"","ocean_post_title_background_color":"","ocean_post_title_background":0,"ocean_post_title_bg_image_position":"","ocean_post_title_bg_image_attachment":"","ocean_post_title_bg_image_repeat":"","ocean_post_title_bg_image_size":"","ocean_post_title_height":0,"ocean_post_title_bg_overlay":0.5,"ocean_post_title_bg_overlay_color":"","ocean_disable_breadcrumbs":"default","ocean_breadcrumbs_color":"","ocean_breadcrumbs_separator_color":"","ocean_breadcrumbs_links_color":"","ocean_breadcrumbs_links_hover_color":"","ocean_display_footer_widgets":"default","ocean_display_footer_bottom":"default","ocean_custom_footer_template":"0","footnotes":""},"class_list":["post-163","page","type-page","status-publish","hentry","entry"],"jetpack_sharing_enabled":true,"_links":{"self":[{"href":"https:\/\/sozioprudenz.de\/index.php?rest_route=\/wp\/v2\/pages\/163","targetHints":{"allow":["GET"]}}],"collection":[{"href":"https:\/\/sozioprudenz.de\/index.php?rest_route=\/wp\/v2\/pages"}],"about":[{"href":"https:\/\/sozioprudenz.de\/index.php?rest_route=\/wp\/v2\/types\/page"}],"author":[{"embeddable":true,"href":"https:\/\/sozioprudenz.de\/index.php?rest_route=\/wp\/v2\/users\/1"}],"replies":[{"embeddable":true,"href":"https:\/\/sozioprudenz.de\/index.php?rest_route=%2Fwp%2Fv2%2Fcomments&post=163"}],"version-history":[{"count":18,"href":"https:\/\/sozioprudenz.de\/index.php?rest_route=\/wp\/v2\/pages\/163\/revisions"}],"predecessor-version":[{"id":210,"href":"https:\/\/sozioprudenz.de\/index.php?rest_route=\/wp\/v2\/pages\/163\/revisions\/210"}],"wp:attachment":[{"href":"https:\/\/sozioprudenz.de\/index.php?rest_route=%2Fwp%2Fv2%2Fmedia&parent=163"}],"curies":[{"name":"wp","href":"https:\/\/api.w.org\/{rel}","templated":true}]}}