{"id":16,"date":"2020-06-05T19:17:16","date_gmt":"2020-06-05T19:17:16","guid":{"rendered":"http:\/\/sozioprudenz.de\/?page_id=16"},"modified":"2020-09-08T18:12:37","modified_gmt":"2020-09-08T18:12:37","slug":"impressum","status":"publish","type":"page","link":"https:\/\/sozioprudenz.de\/?page_id=16","title":{"rendered":"Impressum"},"content":{"rendered":"\t\t<div data-elementor-type=\"wp-page\" data-elementor-id=\"16\" class=\"elementor elementor-16\">\n\t\t\t\t\t\t<section class=\"elementor-section elementor-top-section elementor-element elementor-element-6cac76bb elementor-section-boxed elementor-section-height-default elementor-section-height-default\" data-id=\"6cac76bb\" data-element_type=\"section\" data-e-type=\"section\">\n\t\t\t\t\t\t<div class=\"elementor-container elementor-column-gap-default\">\n\t\t\t\t\t<div class=\"elementor-column elementor-col-100 elementor-top-column elementor-element elementor-element-4c9c5c9b\" data-id=\"4c9c5c9b\" data-element_type=\"column\" data-e-type=\"column\">\n\t\t\t<div class=\"elementor-widget-wrap elementor-element-populated\">\n\t\t\t\t\t\t<div class=\"elementor-element elementor-element-0a15917 elementor-widget elementor-widget-heading\" data-id=\"0a15917\" data-element_type=\"widget\" data-e-type=\"widget\" data-widget_type=\"heading.default\">\n\t\t\t\t<div class=\"elementor-widget-container\">\n\t\t\t\t\t<h2 class=\"elementor-heading-title elementor-size-default\">Impressum<\/h2>\t\t\t\t<\/div>\n\t\t\t\t<\/div>\n\t\t\t\t<div class=\"elementor-element elementor-element-7879d517 elementor-widget elementor-widget-text-editor\" data-id=\"7879d517\" data-element_type=\"widget\" data-e-type=\"widget\" data-widget_type=\"text-editor.default\">\n\t\t\t\t<div class=\"elementor-widget-container\">\n\t\t\t\t\t\t\t\t\t<p><span style=\"color: #000000;\"><\/span><\/p>\n<p><span style=\"color: #000000;\">Impressum (Angaben nach \u00a7 5 TMG)<\/span><\/p>\n<p><span style=\"color: #000000;\">Herausgeber und Verfasser (im Sinne von \u00a7 55 Abs 2 RStV):<\/span><\/p>\n<p><span style=\"color: #000000;\"><\/span><\/p>\n<p><span style=\"color: #000000;\">Dr. Andreas Schwarz, Verwaltungswissenschaftler, Prudentist, Mentor und Coach<\/span><\/p>\n<p><span style=\"color: #000000;\"><\/span><\/p>\n<p><span style=\"color: #000000;\">Gutenbergstra\u00dfe 3<\/span><\/p>\n<p><span style=\"color: #000000;\"><\/span><\/p>\n<p><span style=\"color: #000000;\">65428 R\u00fcsselsheim<\/span><\/p>\n<p><span style=\"color: #000000;\"><\/span><\/p>\n<p><span style=\"color: #000000;\">0174 \u2013 10 110 44<\/span><\/p>\n<p><span style=\"color: #000000;\"><\/span><\/p>\n<p><span style=\"color: #000000;\"><a style=\"color: #000000;\" href=\"mailto:dr.schwarz@sozioprudenz.de\" target=\"_blank\" rel=\"noreferrer noopener\">dr.schwarz@sozioprudenz.de<\/a><\/span><\/p>\n<p><span style=\"color: #000000;\">Der Nutzung dieser Impressumsdaten durch Dritte zum Zwecke der \u00dcbersendung oder \u00dcbermittlung von nicht ausdr\u00fccklich angeforderter Werbung wird hiermit explizit widersprochen. Wir behalten uns dezidierte rechtliche Schritte im Falle der unerw\u00fcnschten Telefonwerbekontakte und der unverlangten \u00dcbermittlung von Werbeinformationen \u2013 etwa durch Spam-Mails \u2013 vor.<\/span><\/p>\n<p><span style=\"color: #000000;\">Die Gestaltung der Internetseite, Texte, Gestaltung sowie die Gedanken sind urheberrechtlich gesch\u00fctzt. Die Seiten d\u00fcrfen nicht vervielf\u00e4ltigt werden, \u00c4nderungen daran nicht vorgenommen und nicht verbreitet werden. Sollte jemand Kenntnis haben, da\u00df ein Element dennoch Urheberrechte verletzt, wird dieses \u2013 nach Nachricht \u2013 umgehend entfernt. Der Versuch, durch Einschaltung eines Rechtsvertreters oder kostenpflichtige Abmahnungen Geld zu generieren, wird hiermit schon im Vorfeld zur\u00fcckgewiesen. Des weiteren gelten unsere AGB.<\/span><\/p>\n<p><span style=\"color: #000000;\">Der Verfasser \u00fcbernimmt keinerlei Gew\u00e4hr und Haftung f\u00fcr die Korrektheit, Vollst\u00e4ndigkeit, Aktualit\u00e4t oder Qualit\u00e4t der hier publizierten Informationen. Alle Haftungsanspr\u00fcche gegen den Autor, welche sich auf Sch\u00e4den materieller oder immaterieller Art beziehen, die durch die Nutzung oder Nichtnutzung der ver\u00f6ffentlichten Informationen oder durch die Nutzung fehlerhafter und unvollst\u00e4ndiger Informationen verursacht wurden, sind in jedem Fall ausgeschlossen. S\u00e4mtliche Angebote sind freibleibend und unverbindlich. Der Verfasser beh\u00e4lt es sich des weiteren ausdr\u00fccklich vor, Teile der Seiten oder das gesamte Angebot zu modifizieren, zu erg\u00e4nzen, zu l\u00f6schen oder die Ver\u00f6ffentlichung einzustellen.<\/span><\/p>\n<p><span style=\"color: #000000;\">Dieses Online-Angebot besteht aus eigenen und teilweise durch Links herbeigerufenen fremden redaktionellen Inhalten. Bez\u00fcglich der eingestellten Inhalte dieser Links wird keine Gew\u00e4hr f\u00fcr die Richtigkeit \u00fcbernommen und jede Haftung ausgeschlossen.Dieser vorliegende Haftungsausschluss ist als Bestandteil des Internetangebotes zu betrachten, von dem aus auf diese Seite verwiesen wurde. Sofern Teile oder einzelne Formulierungen dieses Textes der geltenden Rechtslage nicht, nicht mehr oder nicht vollst\u00e4ndig entsprechen sollten, bleiben die \u00fcbrigen Teile des Dokumentes in ihrem Inhalt und ihrer G\u00fcltigkeit davon unber\u00fchrt.<\/span><\/p>\n<p><span style=\"color: #000000;\">Mit Hinweis auf \u00a75 Abs. 3 MarkenG und \u00a77 UrhG beanspruchen wir Marken- und Titelschutz sowie Urheberrechtschutz f\u00fcr die Begriffe &#8222;Sozioprudenz&#8220;, &#8222;Prudentist&#8220; und &#8222;prudentistisch&#8220; inklusive der dazugeh\u00f6rigen Gestaltungselemente (Logos) in allen Variationen, Schreibweisen, Darstellungsformen, Modifizierungen und Schriftarten f\u00fcr alle Internetseiten, Applikationen und Programme sowie Dienst- und Serviceleistungen, Fernsehen, H\u00f6rfunk, Film, und f\u00fcr alle m\u00f6glichen Schreibweisen, Neologismen, Wortverbindungen, optografischen Gestaltungen, Darstellungs- und Darbietungsformen, Titelrekombinationen \u2013 f\u00fcr Literatur, Bild-, Ton- und Datentr\u00e4ger aller Art, Print-Medien, Software-Erzeugnisse, Film-Titel, Fernsehen, Rundfunk, analoge audiovisuelle und digitale Medien und elektronische Netzwerke, Internet, Merchandising, Printzeugnisse aller Art, CD-ROM, Offline- und Online-Dienste, sonstige Medien, Conteste, Seminare, Schulungen, Kongresse und Veranstaltungen \u2013 separat und mit allen variierenden Zus\u00e4tzen f\u00fcr sinnanaloge Titel, als Einzel- oder Serientitel in allen Sprachen und sinnanalogen Translationen.<\/span><\/p>\n<p><span style=\"color: #000000;\"><\/span><\/p>\t\t\t\t\t\t\t\t<\/div>\n\t\t\t\t<\/div>\n\t\t\t\t\t<\/div>\n\t\t<\/div>\n\t\t\t\t\t<\/div>\n\t\t<\/section>\n\t\t\t\t<\/div>\n\t\t","protected":false},"excerpt":{"rendered":"<p>Impressum Impressum (Angaben nach \u00a7 5 TMG) Herausgeber und Verfasser (im Sinne von \u00a7 55 Abs 2 RStV): Dr. Andreas Schwarz, Verwaltungswissenschaftler, Prudentist, Mentor und Coach Gutenbergstra\u00dfe 3 65428 R\u00fcsselsheim 0174 \u2013 10 110 44 dr.schwarz@sozioprudenz.de Der Nutzung dieser Impressumsdaten durch Dritte zum Zwecke der \u00dcbersendung oder \u00dcbermittlung von nicht ausdr\u00fccklich angeforderter Werbung wird hiermit [&hellip;]<\/p>\n","protected":false},"author":1,"featured_media":0,"parent":0,"menu_order":0,"comment_status":"closed","ping_status":"closed","template":"","meta":{"ocean_post_layout":"","ocean_both_sidebars_style":"","ocean_both_sidebars_content_width":0,"ocean_both_sidebars_sidebars_width":0,"ocean_sidebar":"0","ocean_second_sidebar":"0","ocean_disable_margins":"enable","ocean_add_body_class":"","ocean_shortcode_before_top_bar":"","ocean_shortcode_after_top_bar":"","ocean_shortcode_before_header":"","ocean_shortcode_after_header":"","ocean_has_shortcode":"","ocean_shortcode_after_title":"","ocean_shortcode_before_footer_widgets":"","ocean_shortcode_after_footer_widgets":"","ocean_shortcode_before_footer_bottom":"","ocean_shortcode_after_footer_bottom":"","ocean_display_top_bar":"default","ocean_display_header":"default","ocean_header_style":"","ocean_center_header_left_menu":"0","ocean_custom_header_template":"0","ocean_custom_logo":0,"ocean_custom_retina_logo":0,"ocean_custom_logo_max_width":0,"ocean_custom_logo_tablet_max_width":0,"ocean_custom_logo_mobile_max_width":0,"ocean_custom_logo_max_height":0,"ocean_custom_logo_tablet_max_height":0,"ocean_custom_logo_mobile_max_height":0,"ocean_header_custom_menu":"7","ocean_menu_typo_font_family":"0","ocean_menu_typo_font_subset":"","ocean_menu_typo_font_size":0,"ocean_menu_typo_font_size_tablet":0,"ocean_menu_typo_font_size_mobile":0,"ocean_menu_typo_font_size_unit":"px","ocean_menu_typo_font_weight":"","ocean_menu_typo_font_weight_tablet":"","ocean_menu_typo_font_weight_mobile":"","ocean_menu_typo_transform":"","ocean_menu_typo_transform_tablet":"","ocean_menu_typo_transform_mobile":"","ocean_menu_typo_line_height":0,"ocean_menu_typo_line_height_tablet":0,"ocean_menu_typo_line_height_mobile":0,"ocean_menu_typo_line_height_unit":"","ocean_menu_typo_spacing":0,"ocean_menu_typo_spacing_tablet":0,"ocean_menu_typo_spacing_mobile":0,"ocean_menu_typo_spacing_unit":"","ocean_menu_link_color":"","ocean_menu_link_color_hover":"","ocean_menu_link_color_active":"","ocean_menu_link_background":"","ocean_menu_link_hover_background":"","ocean_menu_link_active_background":"","ocean_menu_social_links_bg":"","ocean_menu_social_hover_links_bg":"","ocean_menu_social_links_color":"","ocean_menu_social_hover_links_color":"","ocean_disable_title":"on","ocean_disable_heading":"default","ocean_post_title":"","ocean_post_subheading":"","ocean_post_title_style":"","ocean_post_title_background_color":"","ocean_post_title_background":0,"ocean_post_title_bg_image_position":"","ocean_post_title_bg_image_attachment":"","ocean_post_title_bg_image_repeat":"","ocean_post_title_bg_image_size":"","ocean_post_title_height":0,"ocean_post_title_bg_overlay":0.5,"ocean_post_title_bg_overlay_color":"","ocean_disable_breadcrumbs":"default","ocean_breadcrumbs_color":"","ocean_breadcrumbs_separator_color":"","ocean_breadcrumbs_links_color":"","ocean_breadcrumbs_links_hover_color":"","ocean_display_footer_widgets":"default","ocean_display_footer_bottom":"default","ocean_custom_footer_template":"0","footnotes":""},"class_list":["post-16","page","type-page","status-publish","hentry","entry"],"jetpack_sharing_enabled":true,"_links":{"self":[{"href":"https:\/\/sozioprudenz.de\/index.php?rest_route=\/wp\/v2\/pages\/16","targetHints":{"allow":["GET"]}}],"collection":[{"href":"https:\/\/sozioprudenz.de\/index.php?rest_route=\/wp\/v2\/pages"}],"about":[{"href":"https:\/\/sozioprudenz.de\/index.php?rest_route=\/wp\/v2\/types\/page"}],"author":[{"embeddable":true,"href":"https:\/\/sozioprudenz.de\/index.php?rest_route=\/wp\/v2\/users\/1"}],"replies":[{"embeddable":true,"href":"https:\/\/sozioprudenz.de\/index.php?rest_route=%2Fwp%2Fv2%2Fcomments&post=16"}],"version-history":[{"count":13,"href":"https:\/\/sozioprudenz.de\/index.php?rest_route=\/wp\/v2\/pages\/16\/revisions"}],"predecessor-version":[{"id":326,"href":"https:\/\/sozioprudenz.de\/index.php?rest_route=\/wp\/v2\/pages\/16\/revisions\/326"}],"wp:attachment":[{"href":"https:\/\/sozioprudenz.de\/index.php?rest_route=%2Fwp%2Fv2%2Fmedia&parent=16"}],"curies":[{"name":"wp","href":"https:\/\/api.w.org\/{rel}","templated":true}]}}